{"id":8443,"date":"2025-07-08T10:59:34","date_gmt":"2025-07-08T06:59:34","guid":{"rendered":"https:\/\/forfinance.az\/?page_id=8443"},"modified":"2025-07-08T11:13:40","modified_gmt":"2025-07-08T07:13:40","slug":"karyera","status":"publish","type":"page","link":"https:\/\/forfinance.az\/?page_id=8443","title":{"rendered":"Karyera"},"content":{"rendered":"\t\t<div data-elementor-type=\"wp-page\" data-elementor-id=\"8443\" class=\"elementor elementor-8443\">\n\t\t\t\t<div class=\"elementor-element elementor-element-9ebf64d e-flex e-con-boxed e-con e-parent\" data-id=\"9ebf64d\" data-element_type=\"container\">\n\t\t\t\t\t<div class=\"e-con-inner\">\n\t\t\t\t<div class=\"elementor-element elementor-element-d1f5693 elementor-widget elementor-widget-html\" data-id=\"d1f5693\" data-element_type=\"widget\" data-widget_type=\"html.default\">\n\t\t\t\t\t<section style=\"max-width: 900px; margin: auto; font-family: Arial, sans-serif; padding: 30px;\">\r\n  <h1 style=\"text-align:center; color:#333;\">Biziml\u0259 Karyera Qur<\/h1>\r\n  <p style=\"text-align:center; color:#666;\">Komandam\u0131za qo\u015fulmaq ist\u0259yirsiniz? A\u015fa\u011f\u0131da m\u00fcraci\u0259t formas\u0131n\u0131 doldura bil\u0259rsiniz.<\/p>\r\n\r\n  <hr style=\"margin: 30px 0;\">\r\n\r\n  <div style=\"margin-bottom: 40px;\">\r\n    <h2 style=\"color:#222;\">\ud83d\udccc Vakansiyalar<\/h2>\r\n    <p style=\"color: #888; font-style: italic; margin-top: 10px;\">Haz\u0131rda aktiv vakansiya m\u00f6vcud deyil.<\/p>\r\n  <\/div>\r\n\r\n  <hr style=\"margin: 30px 0;\">\r\n\r\n  <div id=\"muraciet-formu\">\r\n    <h2 style=\"color:#222;\">\ud83d\udcdd M\u00fcraci\u0259t Formas\u0131<\/h2>\r\n    <form action=\"https:\/\/formsubmit.io\/send\/your-email@domain.com\" method=\"POST\" enctype=\"multipart\/form-data\">\r\n      <label>Ad v\u0259 Soyad:<\/label><br>\r\n      <input type=\"text\" name=\"name\" required style=\"width:100%; padding:8px; margin-bottom:15px;\"><br>\r\n\r\n      <label>Email \u00fcnvan\u0131:<\/label><br>\r\n      <input type=\"email\" name=\"email\" required style=\"width:100%; padding:8px; margin-bottom:15px;\"><br>\r\n\r\n      <label>\u018flaq\u0259 n\u00f6mr\u0259si:<\/label><br>\r\n      <input type=\"tel\" name=\"phone\" required style=\"width:100%; padding:8px; margin-bottom:15px;\"><br>\r\n\r\n      <label>CV Y\u00fckl\u0259 (PDF\/DOC):<\/label><br>\r\n      <input type=\"file\" name=\"cv\" accept=\".pdf,.doc,.docx\" required style=\"margin-bottom:15px;\"><br>\r\n\r\n      <button type=\"submit\" style=\"background-color:#28a745; color:white; padding:10px 20px; border:none; border-radius:5px;\">G\u00f6nd\u0259r<\/button>\r\n    <\/form>\r\n  <\/div>\r\n<\/section>\r\n\t\t\t\t<\/div>\n\t\t\t\t\t<\/div>\n\t\t\t\t<\/div>\n\t\t\t\t<\/div>\n\t\t","protected":false},"excerpt":{"rendered":"<p>Biziml\u0259 Karyera Qur Komandam\u0131za qo\u015fulmaq ist\u0259yirsiniz? A\u015fa\u011f\u0131da m\u00fcraci\u0259t formas\u0131n\u0131 doldura bil\u0259rsiniz. \ud83d\udccc Vakansiyalar Haz\u0131rda aktiv vakansiya m\u00f6vcud deyil. \ud83d\udcdd M\u00fcraci\u0259t Formas\u0131 Ad v\u0259 [&hellip;]<\/p>\n","protected":false},"author":2,"featured_media":0,"parent":0,"menu_order":0,"comment_status":"closed","ping_status":"closed","template":"","meta":{"om_disable_all_campaigns":false,"_monsterinsights_skip_tracking":false,"_monsterinsights_sitenote_active":false,"_monsterinsights_sitenote_note":"","_monsterinsights_sitenote_category":0,"footnotes":""},"class_list":["post-8443","page","type-page","status-publish","hentry"],"aioseo_notices":[],"_links":{"self":[{"href":"https:\/\/forfinance.az\/index.php?rest_route=\/wp\/v2\/pages\/8443","targetHints":{"allow":["GET"]}}],"collection":[{"href":"https:\/\/forfinance.az\/index.php?rest_route=\/wp\/v2\/pages"}],"about":[{"href":"https:\/\/forfinance.az\/index.php?rest_route=\/wp\/v2\/types\/page"}],"author":[{"embeddable":true,"href":"https:\/\/forfinance.az\/index.php?rest_route=\/wp\/v2\/users\/2"}],"replies":[{"embeddable":true,"href":"https:\/\/forfinance.az\/index.php?rest_route=%2Fwp%2Fv2%2Fcomments&post=8443"}],"version-history":[{"count":4,"href":"https:\/\/forfinance.az\/index.php?rest_route=\/wp\/v2\/pages\/8443\/revisions"}],"predecessor-version":[{"id":8448,"href":"https:\/\/forfinance.az\/index.php?rest_route=\/wp\/v2\/pages\/8443\/revisions\/8448"}],"wp:attachment":[{"href":"https:\/\/forfinance.az\/index.php?rest_route=%2Fwp%2Fv2%2Fmedia&parent=8443"}],"curies":[{"name":"wp","href":"https:\/\/api.w.org\/{rel}","templated":true}]}}