{"id":730,"date":"2021-01-01T18:18:32","date_gmt":"2021-01-01T18:18:32","guid":{"rendered":"https:\/\/webdevcode.com\/wp\/pylon\/live\/?page_id=730"},"modified":"2025-07-13T10:32:57","modified_gmt":"2025-07-13T06:32:57","slug":"contact-us","status":"publish","type":"page","link":"https:\/\/forfinance.az\/?page_id=730","title":{"rendered":"Biziml\u0259 \u0259laq\u0259"},"content":{"rendered":"\t\t<div data-elementor-type=\"wp-page\" data-elementor-id=\"730\" class=\"elementor elementor-730\">\n\t\t\t\t\t\t<section class=\"elementor-section elementor-top-section elementor-element elementor-element-277ea56 pylon-column-stretched-none elementor-section-boxed elementor-section-height-default elementor-section-height-default\" data-id=\"277ea56\" data-element_type=\"section\">\n\t\t\t\t\t\t<div class=\"elementor-container elementor-column-gap-default\">\n\t\t\t\t\t<div class=\"elementor-column elementor-col-100 elementor-top-column elementor-element elementor-element-64baa63\" data-id=\"64baa63\" data-element_type=\"column\" data-settings=\"{&quot;background_background&quot;:&quot;classic&quot;}\">\n\t\t\t<div class=\"elementor-widget-wrap elementor-element-populated\">\n\t\t\t\t\t\t<section class=\"elementor-section elementor-inner-section elementor-element elementor-element-b524c20 pylon-column-stretched-none elementor-section-boxed elementor-section-height-default elementor-section-height-default\" data-id=\"b524c20\" data-element_type=\"section\">\n\t\t\t\t\t\t<div class=\"elementor-container elementor-column-gap-default\">\n\t\t\t\t\t<div class=\"elementor-column elementor-col-50 elementor-inner-column elementor-element elementor-element-df0cd82\" data-id=\"df0cd82\" data-element_type=\"column\">\n\t\t\t<div class=\"elementor-widget-wrap elementor-element-populated\">\n\t\t\t\t\t\t<div class=\"elementor-element elementor-element-ec16710 elementor-widget elementor-widget-pylon_title\" data-id=\"ec16710\" data-element_type=\"widget\" data-widget_type=\"pylon_title.default\">\n\t\t\t\t<div class=\"elementor-widget-container\">\n\t\t\t\t\t \r\n        <div class=\"pylon-title\">\r\n            <div class=\"block-title\">\r\n                <p class=\"small-title\">Biziml\u0259 \u0259laq\u0259 saxlay\u0131n<\/p>\r\n                    <h2 class=\"title-block\">\u018flaq\u0259 \u00fc\u00e7\u00fcn m\u00fcraci\u0259t edin\n\n<\/h2>\r\n                                <\/div>\r\n                                <\/div>\r\n              \t\t\t\t<\/div>\n\t\t\t\t<\/div>\n\t\t\t\t<div class=\"elementor-element elementor-element-7433bfe elementor-widget elementor-widget-pylon_static_contact_info\" data-id=\"7433bfe\" data-element_type=\"widget\" data-widget_type=\"pylon_static_contact_info.default\">\n\t\t\t\t<div class=\"elementor-widget-container\">\n\t\t\t\t\t\r\n                <div class=\"contact-one__box\">\r\n                    <i class=\"pylon-icon-telephone\"><\/i>\r\n                    <div class=\"contact-one__box-content\">\r\n                        <h4>Biz\u0259 z\u0259ng edin<\/h4>\r\n                        <span><p>+994552552321<\/p><\/span> \r\n                    <\/div>\r\n                <\/div>\t\t\t\t<\/div>\n\t\t\t\t<\/div>\n\t\t\t\t<div class=\"elementor-element elementor-element-b443c5f elementor-widget elementor-widget-pylon_static_contact_info\" data-id=\"b443c5f\" data-element_type=\"widget\" data-widget_type=\"pylon_static_contact_info.default\">\n\t\t\t\t<div class=\"elementor-widget-container\">\n\t\t\t\t\t\r\n                <div class=\"contact-one__box\">\r\n                    <i class=\"pylon-icon pylon-icon-email1\"><\/i>\r\n                    <div class=\"contact-one__box-content\">\r\n                        <h4>Biz\u0259 yaz\u0131n<\/h4>\r\n                        <span><p>info@forfinance.az<\/p><\/span> \r\n                    <\/div>\r\n                <\/div>\t\t\t\t<\/div>\n\t\t\t\t<\/div>\n\t\t\t\t<div class=\"elementor-element elementor-element-7427dac elementor-widget elementor-widget-pylon_static_contact_info\" data-id=\"7427dac\" data-element_type=\"widget\" data-widget_type=\"pylon_static_contact_info.default\">\n\t\t\t\t<div class=\"elementor-widget-container\">\n\t\t\t\t\t\r\n                <div class=\"contact-one__box\">\r\n                    <i class=\"fas fa-map-marker-alt\"><\/i>\r\n                    <div class=\"contact-one__box-content\">\r\n                        <h4>\u00dcnvanlar\u0131m\u0131z<\/h4>\r\n                        <span><p><a href=\"https:\/\/forfinance.az\/?page_id=730#\">Bak\u0131 \u015f\u0259h\u0259ri, N\u0259rimanov rayonu, A\u015f\u0131q Molla C\u00fcm\u0259 k\u00fc\u00e7. 46B<\/a><\/p><\/span> \r\n                    <\/div>\r\n                <\/div>\t\t\t\t<\/div>\n\t\t\t\t<\/div>\n\t\t\t\t\t<\/div>\n\t\t<\/div>\n\t\t\t\t<div class=\"elementor-column elementor-col-50 elementor-inner-column elementor-element elementor-element-21df53d\" data-id=\"21df53d\" data-element_type=\"column\">\n\t\t\t<div class=\"elementor-widget-wrap elementor-element-populated\">\n\t\t\t\t\t\t<div class=\"elementor-element elementor-element-8582e12 elementor-widget elementor-widget-shortcode\" data-id=\"8582e12\" data-element_type=\"widget\" data-widget_type=\"shortcode.default\">\n\t\t\t\t\t\t\t<div class=\"elementor-shortcode\">\n<div class=\"wpcf7 no-js\" id=\"wpcf7-f545-o1\" lang=\"en-US\" dir=\"ltr\" data-wpcf7-id=\"545\">\n<div class=\"screen-reader-response\"><p role=\"status\" aria-live=\"polite\" aria-atomic=\"true\"><\/p> <ul><\/ul><\/div>\n<form action=\"\/index.php?rest_route=%2Fwp%2Fv2%2Fpages%2F730#wpcf7-f545-o1\" method=\"post\" class=\"wpcf7-form init\" aria-label=\"Contact form\" novalidate=\"novalidate\" data-status=\"init\">\n<fieldset class=\"hidden-fields-container\"><input type=\"hidden\" name=\"_wpcf7\" value=\"545\" \/><input type=\"hidden\" name=\"_wpcf7_version\" value=\"6.1.4\" \/><input type=\"hidden\" name=\"_wpcf7_locale\" value=\"en_US\" \/><input type=\"hidden\" name=\"_wpcf7_unit_tag\" value=\"wpcf7-f545-o1\" \/><input type=\"hidden\" name=\"_wpcf7_container_post\" value=\"0\" \/><input type=\"hidden\" name=\"_wpcf7_posted_data_hash\" value=\"\" \/>\n<\/fieldset>\n<div class=\"contact-one__form\">\n\t<div class=\"row low-gutters\">\n\t\t<div class=\"col-md-6\">\n\t\t\t<p><span class=\"wpcf7-form-control-wrap\" data-name=\"YourName\"><input size=\"40\" maxlength=\"400\" class=\"wpcf7-form-control wpcf7-text wpcf7-validates-as-required\" aria-required=\"true\" aria-invalid=\"false\" placeholder=\"Ad,Soyad\" value=\"\" type=\"text\" name=\"YourName\" \/><\/span>\n\t\t\t<\/p>\n\t\t<\/div><!-- \/.col-md-6 -->\n\t\t<div class=\"col-md-6\">\n\t\t\t<p><span class=\"wpcf7-form-control-wrap\" data-name=\"your-email\"><input size=\"40\" maxlength=\"400\" class=\"wpcf7-form-control wpcf7-email wpcf7-validates-as-required wpcf7-text wpcf7-validates-as-email\" aria-required=\"true\" aria-invalid=\"false\" placeholder=\"Email\" value=\"\" type=\"email\" name=\"your-email\" \/><\/span>\n\t\t\t<\/p>\n\t\t<\/div><!-- \/.col-md-6 -->\n\t\t<div class=\"col-md-6\">\n\t\t\t<p><span class=\"wpcf7-form-control-wrap\" data-name=\"phonenumber\"><input class=\"wpcf7-form-control wpcf7-number wpcf7-validates-as-number\" aria-invalid=\"false\" placeholder=\"Mobil n\u00f6mr\u0259\" value=\"\" type=\"number\" name=\"phonenumber\" \/><\/span>\n\t\t\t<\/p>\n\t\t<\/div><!-- \/.col-md-6 -->\n\t\t<div class=\"col-md-6\">\n\t\t\t<p><span class=\"wpcf7-form-control-wrap\" data-name=\"Subject\"><input size=\"40\" maxlength=\"400\" class=\"wpcf7-form-control wpcf7-text wpcf7-validates-as-required\" aria-required=\"true\" aria-invalid=\"false\" placeholder=\"M\u00f6vzu\" value=\"\" type=\"text\" name=\"Subject\" \/><\/span>\n\t\t\t<\/p>\n\t\t<\/div><!-- \/.col-md-6 -->\n\t\t<div class=\"col-md-12\">\n\t\t\t<p><span class=\"wpcf7-form-control-wrap\" data-name=\"writemessage\"><textarea cols=\"40\" rows=\"10\" maxlength=\"2000\" class=\"wpcf7-form-control wpcf7-textarea\" aria-invalid=\"false\" placeholder=\"Mesaj\u0131n\u0131z\u0131 daxil edin\" name=\"writemessage\"><\/textarea><\/span>\n\t\t\t<\/p>\n\t\t<\/div><!-- \/.col-md-6 -->\n\t\t<div class=\"col-md-12\">\n\t\t\t<p><input class=\"wpcf7-form-control wpcf7-submit has-spinner thm-btn\" type=\"submit\" value=\"G\u00f6nd\u0259r\" \/>\n\t\t\t<\/p>\n\t\t<\/div><!-- \/.col-md-6 -->\n\t<\/div><!-- \/.row -->\n<\/div><div class=\"wpcf7-response-output\" aria-hidden=\"true\"><\/div>\n<\/form>\n<\/div>\n<\/div>\n\t\t\t\t\t\t<\/div>\n\t\t\t\t\t<\/div>\n\t\t<\/div>\n\t\t\t\t\t<\/div>\n\t\t<\/section>\n\t\t\t\t\t<\/div>\n\t\t<\/div>\n\t\t\t\t\t<\/div>\n\t\t<\/section>\n\t\t\t\t<section class=\"elementor-section elementor-top-section elementor-element elementor-element-d06a2b6 elementor-section-full_width elementor-section-stretched pylon-column-stretched-none elementor-section-height-default elementor-section-height-default\" data-id=\"d06a2b6\" data-element_type=\"section\" data-settings=\"{&quot;stretch_section&quot;:&quot;section-stretched&quot;}\">\n\t\t\t\t\t\t<div class=\"elementor-container elementor-column-gap-no\">\n\t\t\t\t\t<div class=\"elementor-column elementor-col-100 elementor-top-column elementor-element elementor-element-f7d8e74\" data-id=\"f7d8e74\" data-element_type=\"column\">\n\t\t\t<div class=\"elementor-widget-wrap elementor-element-populated\">\n\t\t\t\t\t\t<div class=\"elementor-element elementor-element-462c12c elementor-widget elementor-widget-google_maps\" data-id=\"462c12c\" data-element_type=\"widget\" data-widget_type=\"google_maps.default\">\n\t\t\t\t\t\t\t<div class=\"elementor-custom-embed\">\n\t\t\t<iframe loading=\"lazy\"\n\t\t\t\t\tsrc=\"https:\/\/maps.google.com\/maps?q=Perla%20Mebel%20A%C5%9F%C4%B1q%20molla%20c%C3%BCm%C9%99%2046B&#038;t=m&#038;z=16&#038;output=embed&#038;iwloc=near\"\n\t\t\t\t\ttitle=\"Perla Mebel A\u015f\u0131q molla c\u00fcm\u0259 46B\"\n\t\t\t\t\taria-label=\"Perla Mebel A\u015f\u0131q molla c\u00fcm\u0259 46B\"\n\t\t\t><\/iframe>\n\t\t<\/div>\n\t\t\t\t\t\t<\/div>\n\t\t\t\t\t<\/div>\n\t\t<\/div>\n\t\t\t\t\t<\/div>\n\t\t<\/section>\n\t\t\t\t<\/div>\n\t\t","protected":false},"excerpt":{"rendered":"<p>Biziml\u0259 \u0259laq\u0259 saxlay\u0131n \u018flaq\u0259 \u00fc\u00e7\u00fcn m\u00fcraci\u0259t edin Biz\u0259 z\u0259ng edin +994552552321 Biz\u0259 yaz\u0131n info@forfinance.az \u00dcnvanlar\u0131m\u0131z Bak\u0131 \u015f\u0259h\u0259ri, N\u0259rimanov rayonu, A\u015f\u0131q Molla C\u00fcm\u0259 k\u00fc\u00e7. [&hellip;]<\/p>\n","protected":false},"author":2,"featured_media":0,"parent":0,"menu_order":0,"comment_status":"closed","ping_status":"closed","template":"template-fullpage.php","meta":{"om_disable_all_campaigns":false,"_monsterinsights_skip_tracking":false,"_monsterinsights_sitenote_active":false,"_monsterinsights_sitenote_note":"","_monsterinsights_sitenote_category":0,"footnotes":""},"class_list":["post-730","page","type-page","status-publish","hentry"],"aioseo_notices":[],"_links":{"self":[{"href":"https:\/\/forfinance.az\/index.php?rest_route=\/wp\/v2\/pages\/730","targetHints":{"allow":["GET"]}}],"collection":[{"href":"https:\/\/forfinance.az\/index.php?rest_route=\/wp\/v2\/pages"}],"about":[{"href":"https:\/\/forfinance.az\/index.php?rest_route=\/wp\/v2\/types\/page"}],"author":[{"embeddable":true,"href":"https:\/\/forfinance.az\/index.php?rest_route=\/wp\/v2\/users\/2"}],"replies":[{"embeddable":true,"href":"https:\/\/forfinance.az\/index.php?rest_route=%2Fwp%2Fv2%2Fcomments&post=730"}],"version-history":[{"count":19,"href":"https:\/\/forfinance.az\/index.php?rest_route=\/wp\/v2\/pages\/730\/revisions"}],"predecessor-version":[{"id":8461,"href":"https:\/\/forfinance.az\/index.php?rest_route=\/wp\/v2\/pages\/730\/revisions\/8461"}],"wp:attachment":[{"href":"https:\/\/forfinance.az\/index.php?rest_route=%2Fwp%2Fv2%2Fmedia&parent=730"}],"curies":[{"name":"wp","href":"https:\/\/api.w.org\/{rel}","templated":true}]}}