{"id":496,"date":"2021-01-01T08:54:22","date_gmt":"2021-01-01T08:54:22","guid":{"rendered":"https:\/\/webdevcode.com\/wp\/pylon\/live\/?page_id=496"},"modified":"2025-07-06T17:06:47","modified_gmt":"2025-07-06T13:06:47","slug":"blog-grid","status":"publish","type":"page","link":"https:\/\/forfinance.az\/?page_id=496","title":{"rendered":"X\u0259b\u0259rl\u0259r"},"content":{"rendered":"\t\t<div data-elementor-type=\"wp-page\" data-elementor-id=\"496\" class=\"elementor elementor-496\">\n\t\t\t\t\t\t<section class=\"elementor-section elementor-top-section elementor-element elementor-element-9343def pylon-column-stretched-none elementor-section-boxed elementor-section-height-default elementor-section-height-default\" data-id=\"9343def\" data-element_type=\"section\">\n\t\t\t\t\t\t<div class=\"elementor-container elementor-column-gap-default\">\n\t\t\t\t\t<div class=\"elementor-column elementor-col-100 elementor-top-column elementor-element elementor-element-6208c6f\" data-id=\"6208c6f\" data-element_type=\"column\">\n\t\t\t<div class=\"elementor-widget-wrap elementor-element-populated\">\n\t\t\t\t\t\t<div class=\"elementor-element elementor-element-a7533ca animated none elementor-widget elementor-widget-pylon_blog\" data-id=\"a7533ca\" data-element_type=\"widget\" data-widget_type=\"pylon_blog.default\">\n\t\t\t\t<div class=\"elementor-widget-container\">\n\t\t\t\t\t        <div class=\"pylon-blog-home\">\r\n            <div class=\"row\">\r\n                                 <div class=\"blog-one_single-min_box row\">\r\n                            <\/div>\r\n                            <\/div>\r\n        <\/div>\r\n        \t\t\t\t<\/div>\n\t\t\t\t<\/div>\n\t\t\t\t\t<\/div>\n\t\t<\/div>\n\t\t\t\t\t<\/div>\n\t\t<\/section>\n\t\t\t\t<\/div>\n\t\t","protected":false},"excerpt":{"rendered":"<p>5 Fev, 2025 Az\u0259rbaycanda daha bir nizamnam\u0259 kapital\u0131\u00a01 milyon manat\u00a0olan yeni bank olmayan kredit ittifaq\u0131 yarad\u0131l\u0131b. Davam\u0131n\u0131 oxu 0 Comments<\/p>\n","protected":false},"author":2,"featured_media":0,"parent":0,"menu_order":0,"comment_status":"closed","ping_status":"closed","template":"","meta":{"om_disable_all_campaigns":false,"_monsterinsights_skip_tracking":false,"_monsterinsights_sitenote_active":false,"_monsterinsights_sitenote_note":"","_monsterinsights_sitenote_category":0,"footnotes":""},"class_list":["post-496","page","type-page","status-publish","hentry"],"aioseo_notices":[],"_links":{"self":[{"href":"https:\/\/forfinance.az\/index.php?rest_route=\/wp\/v2\/pages\/496","targetHints":{"allow":["GET"]}}],"collection":[{"href":"https:\/\/forfinance.az\/index.php?rest_route=\/wp\/v2\/pages"}],"about":[{"href":"https:\/\/forfinance.az\/index.php?rest_route=\/wp\/v2\/types\/page"}],"author":[{"embeddable":true,"href":"https:\/\/forfinance.az\/index.php?rest_route=\/wp\/v2\/users\/2"}],"replies":[{"embeddable":true,"href":"https:\/\/forfinance.az\/index.php?rest_route=%2Fwp%2Fv2%2Fcomments&post=496"}],"version-history":[{"count":5,"href":"https:\/\/forfinance.az\/index.php?rest_route=\/wp\/v2\/pages\/496\/revisions"}],"predecessor-version":[{"id":8205,"href":"https:\/\/forfinance.az\/index.php?rest_route=\/wp\/v2\/pages\/496\/revisions\/8205"}],"wp:attachment":[{"href":"https:\/\/forfinance.az\/index.php?rest_route=%2Fwp%2Fv2%2Fmedia&parent=496"}],"curies":[{"name":"wp","href":"https:\/\/api.w.org\/{rel}","templated":true}]}}